{"id":7,"date":"2025-05-05T16:59:30","date_gmt":"2025-05-05T14:59:30","guid":{"rendered":"https:\/\/porteur-batiment.fr\/index.php\/front_page\/"},"modified":"2026-02-13T09:47:36","modified_gmt":"2026-02-13T08:47:36","slug":"front_page","status":"publish","type":"page","link":"https:\/\/porteur-batiment.fr\/","title":{"rendered":"Accueil"},"content":{"rendered":"\n\n\n\n\n\n\n\n\n\n\n\n\n\n\n\n","protected":false},"excerpt":{"rendered":"","protected":false},"author":1,"featured_media":0,"parent":0,"menu_order":0,"comment_status":"closed","ping_status":"closed","template":"","meta":{"saved_in_kubio":true,"footnotes":""},"class_list":["post-7","page","type-page","status-publish","hentry"],"kubio_ai_page_context":{"short_desc":"","purpose":"general"},"yoast_head":"<!-- This site is optimized with the Yoast SEO plugin v25.2 - https:\/\/yoast.com\/wordpress\/plugins\/seo\/ -->\n<title>Porteur B\u00e2timent - Chapiste \u00e0 Rennes et aux alentours<\/title>\n<meta name=\"description\" content=\"Chapiste \u00e0 Rennes et en Ille-et-Vilaine : chape liquide, chape fluide et chape ciment. Intervention pour particuliers et professionnels en neuf et r\u00e9novation.\" \/>\n<meta name=\"robots\" content=\"index, follow, max-snippet:-1, max-image-preview:large, max-video-preview:-1\" \/>\n<link rel=\"canonical\" href=\"https:\/\/porteur-batiment.fr\/\" \/>\n<meta property=\"og:locale\" content=\"fr_FR\" \/>\n<meta property=\"og:type\" content=\"article\" \/>\n<meta property=\"og:title\" content=\"Porteur B\u00e2timent - Chapiste \u00e0 Rennes et aux alentours\" \/>\n<meta property=\"og:description\" content=\"Chapiste \u00e0 Rennes et en Ille-et-Vilaine : chape liquide, chape fluide et chape ciment. Intervention pour particuliers et professionnels en neuf et r\u00e9novation.\" \/>\n<meta property=\"og:url\" content=\"https:\/\/porteur-batiment.fr\/\" \/>\n<meta property=\"og:site_name\" content=\"Porteur BATIMENT\" \/>\n<meta property=\"article:modified_time\" content=\"2026-02-13T08:47:36+00:00\" \/>\n<meta name=\"twitter:card\" content=\"summary_large_image\" \/>\n<script type=\"application\/ld+json\" class=\"yoast-schema-graph\">{\"@context\":\"https:\/\/schema.org\",\"@graph\":[{\"@type\":\"WebPage\",\"@id\":\"https:\/\/porteur-batiment.fr\/\",\"url\":\"https:\/\/porteur-batiment.fr\/\",\"name\":\"Porteur B\u00e2timent - Chapiste \u00e0 Rennes et aux alentours\",\"isPartOf\":{\"@id\":\"https:\/\/porteur-batiment.fr\/#website\"},\"datePublished\":\"2025-05-05T14:59:30+00:00\",\"dateModified\":\"2026-02-13T08:47:36+00:00\",\"description\":\"Chapiste \u00e0 Rennes et en Ille-et-Vilaine : chape liquide, chape fluide et chape ciment. Intervention pour particuliers et professionnels en neuf et r\u00e9novation.\",\"breadcrumb\":{\"@id\":\"https:\/\/porteur-batiment.fr\/#breadcrumb\"},\"inLanguage\":\"fr-FR\",\"potentialAction\":[{\"@type\":\"ReadAction\",\"target\":[\"https:\/\/porteur-batiment.fr\/\"]}]},{\"@type\":\"BreadcrumbList\",\"@id\":\"https:\/\/porteur-batiment.fr\/#breadcrumb\",\"itemListElement\":[{\"@type\":\"ListItem\",\"position\":1,\"name\":\"Accueil\",\"item\":\"https:\/\/porteur-batiment.fr\/\"},{\"@type\":\"ListItem\",\"position\":2,\"name\":\"Accueil\"}]},{\"@type\":\"WebSite\",\"@id\":\"https:\/\/porteur-batiment.fr\/#website\",\"url\":\"https:\/\/porteur-batiment.fr\/\",\"name\":\"Porteur BATIMENT\",\"description\":\"Votre expert en chape \u00e0 Rennes\",\"publisher\":{\"@id\":\"https:\/\/porteur-batiment.fr\/#organization\"},\"potentialAction\":[{\"@type\":\"SearchAction\",\"target\":{\"@type\":\"EntryPoint\",\"urlTemplate\":\"https:\/\/porteur-batiment.fr\/?s={search_term_string}\"},\"query-input\":{\"@type\":\"PropertyValueSpecification\",\"valueRequired\":true,\"valueName\":\"search_term_string\"}}],\"inLanguage\":\"fr-FR\"},{\"@type\":\"Organization\",\"@id\":\"https:\/\/porteur-batiment.fr\/#organization\",\"name\":\"WordPress\",\"url\":\"https:\/\/porteur-batiment.fr\/\",\"logo\":{\"@type\":\"ImageObject\",\"inLanguage\":\"fr-FR\",\"@id\":\"https:\/\/porteur-batiment.fr\/#\/schema\/logo\/image\/\",\"url\":\"https:\/\/porteur-batiment.fr\/wp-content\/uploads\/2025\/05\/Capture-decran-2024-11-26-a-09.57.31-1.png\",\"contentUrl\":\"https:\/\/porteur-batiment.fr\/wp-content\/uploads\/2025\/05\/Capture-decran-2024-11-26-a-09.57.31-1.png\",\"width\":350,\"height\":354,\"caption\":\"WordPress\"},\"image\":{\"@id\":\"https:\/\/porteur-batiment.fr\/#\/schema\/logo\/image\/\"}}]}<\/script>\n<!-- \/ Yoast SEO plugin. -->","yoast_head_json":{"title":"Porteur B\u00e2timent - Chapiste \u00e0 Rennes et aux alentours","description":"Chapiste \u00e0 Rennes et en Ille-et-Vilaine : chape liquide, chape fluide et chape ciment. Intervention pour particuliers et professionnels en neuf et r\u00e9novation.","robots":{"index":"index","follow":"follow","max-snippet":"max-snippet:-1","max-image-preview":"max-image-preview:large","max-video-preview":"max-video-preview:-1"},"canonical":"https:\/\/porteur-batiment.fr\/","og_locale":"fr_FR","og_type":"article","og_title":"Porteur B\u00e2timent - Chapiste \u00e0 Rennes et aux alentours","og_description":"Chapiste \u00e0 Rennes et en Ille-et-Vilaine : chape liquide, chape fluide et chape ciment. Intervention pour particuliers et professionnels en neuf et r\u00e9novation.","og_url":"https:\/\/porteur-batiment.fr\/","og_site_name":"Porteur BATIMENT","article_modified_time":"2026-02-13T08:47:36+00:00","twitter_card":"summary_large_image","schema":{"@context":"https:\/\/schema.org","@graph":[{"@type":"WebPage","@id":"https:\/\/porteur-batiment.fr\/","url":"https:\/\/porteur-batiment.fr\/","name":"Porteur B\u00e2timent - Chapiste \u00e0 Rennes et aux alentours","isPartOf":{"@id":"https:\/\/porteur-batiment.fr\/#website"},"datePublished":"2025-05-05T14:59:30+00:00","dateModified":"2026-02-13T08:47:36+00:00","description":"Chapiste \u00e0 Rennes et en Ille-et-Vilaine : chape liquide, chape fluide et chape ciment. Intervention pour particuliers et professionnels en neuf et r\u00e9novation.","breadcrumb":{"@id":"https:\/\/porteur-batiment.fr\/#breadcrumb"},"inLanguage":"fr-FR","potentialAction":[{"@type":"ReadAction","target":["https:\/\/porteur-batiment.fr\/"]}]},{"@type":"BreadcrumbList","@id":"https:\/\/porteur-batiment.fr\/#breadcrumb","itemListElement":[{"@type":"ListItem","position":1,"name":"Accueil","item":"https:\/\/porteur-batiment.fr\/"},{"@type":"ListItem","position":2,"name":"Accueil"}]},{"@type":"WebSite","@id":"https:\/\/porteur-batiment.fr\/#website","url":"https:\/\/porteur-batiment.fr\/","name":"Porteur BATIMENT","description":"Votre expert en chape \u00e0 Rennes","publisher":{"@id":"https:\/\/porteur-batiment.fr\/#organization"},"potentialAction":[{"@type":"SearchAction","target":{"@type":"EntryPoint","urlTemplate":"https:\/\/porteur-batiment.fr\/?s={search_term_string}"},"query-input":{"@type":"PropertyValueSpecification","valueRequired":true,"valueName":"search_term_string"}}],"inLanguage":"fr-FR"},{"@type":"Organization","@id":"https:\/\/porteur-batiment.fr\/#organization","name":"WordPress","url":"https:\/\/porteur-batiment.fr\/","logo":{"@type":"ImageObject","inLanguage":"fr-FR","@id":"https:\/\/porteur-batiment.fr\/#\/schema\/logo\/image\/","url":"https:\/\/porteur-batiment.fr\/wp-content\/uploads\/2025\/05\/Capture-decran-2024-11-26-a-09.57.31-1.png","contentUrl":"https:\/\/porteur-batiment.fr\/wp-content\/uploads\/2025\/05\/Capture-decran-2024-11-26-a-09.57.31-1.png","width":350,"height":354,"caption":"WordPress"},"image":{"@id":"https:\/\/porteur-batiment.fr\/#\/schema\/logo\/image\/"}}]}},"_links":{"self":[{"href":"https:\/\/porteur-batiment.fr\/index.php\/wp-json\/wp\/v2\/pages\/7","targetHints":{"allow":["GET"]}}],"collection":[{"href":"https:\/\/porteur-batiment.fr\/index.php\/wp-json\/wp\/v2\/pages"}],"about":[{"href":"https:\/\/porteur-batiment.fr\/index.php\/wp-json\/wp\/v2\/types\/page"}],"author":[{"embeddable":true,"href":"https:\/\/porteur-batiment.fr\/index.php\/wp-json\/wp\/v2\/users\/1"}],"replies":[{"embeddable":true,"href":"https:\/\/porteur-batiment.fr\/index.php\/wp-json\/wp\/v2\/comments?post=7"}],"version-history":[{"count":51,"href":"https:\/\/porteur-batiment.fr\/index.php\/wp-json\/wp\/v2\/pages\/7\/revisions"}],"predecessor-version":[{"id":217,"href":"https:\/\/porteur-batiment.fr\/index.php\/wp-json\/wp\/v2\/pages\/7\/revisions\/217"}],"wp:attachment":[{"href":"https:\/\/porteur-batiment.fr\/index.php\/wp-json\/wp\/v2\/media?parent=7"}],"curies":[{"name":"wp","href":"https:\/\/api.w.org\/{rel}","templated":true}]}}